{"id":2881,"date":"2020-04-29T13:29:51","date_gmt":"2020-04-29T13:29:51","guid":{"rendered":"http:\/\/www.gites.lamondette.fr\/?page_id=2881"},"modified":"2025-02-25T16:58:44","modified_gmt":"2025-02-25T16:58:44","slug":"petit-gite","status":"publish","type":"page","link":"https:\/\/www.gites.lamondette.fr\/en\/petit-gite\/","title":{"rendered":"Petit G\u00eete"},"content":{"rendered":"<figure class=\"wp-block-gallery columns-3 is-cropped full-width-gallery\"><ul class=\"blocks-gallery-grid\"><li class=\"blocks-gallery-item\"><figure><a href=\"http:\/\/www.gites.lamondette.fr\/wp-content\/uploads\/2020\/04\/DSC_6126-HDR-1024x683.jpg\"><img loading=\"lazy\" width=\"1024\" height=\"683\" src=\"http:\/\/www.gites.lamondette.fr\/wp-content\/uploads\/2020\/04\/DSC_6126-HDR-1024x683.jpg\" alt=\"\" data-id=\"2884\" data-link=\"http:\/\/www.gites.lamondette.fr\/?attachment_id=2884#main\" class=\"wp-image-2884\" srcset=\"https:\/\/www.gites.lamondette.fr\/wp-content\/uploads\/2020\/04\/DSC_6126-HDR-1024x683.jpg 1024w, https:\/\/www.gites.lamondette.fr\/wp-content\/uploads\/2020\/04\/DSC_6126-HDR-300x200.jpg 300w, https:\/\/www.gites.lamondette.fr\/wp-content\/uploads\/2020\/04\/DSC_6126-HDR-768x513.jpg 768w, https:\/\/www.gites.lamondette.fr\/wp-content\/uploads\/2020\/04\/DSC_6126-HDR-1536x1025.jpg 1536w, https:\/\/www.gites.lamondette.fr\/wp-content\/uploads\/2020\/04\/DSC_6126-HDR-2048x1367.jpg 2048w\" sizes=\"(max-width: 1024px) 100vw, 1024px\" \/><\/a><\/figure><\/li><li class=\"blocks-gallery-item\"><figure><a href=\"http:\/\/www.gites.lamondette.fr\/wp-content\/uploads\/2020\/04\/DSC_6129-HDR-1-1024x683.jpg\"><img loading=\"lazy\" width=\"1024\" height=\"683\" src=\"http:\/\/www.gites.lamondette.fr\/wp-content\/uploads\/2020\/04\/DSC_6129-HDR-1-1024x683.jpg\" alt=\"\" data-id=\"2885\" data-link=\"http:\/\/www.gites.lamondette.fr\/?attachment_id=2885#main\" class=\"wp-image-2885\" srcset=\"https:\/\/www.gites.lamondette.fr\/wp-content\/uploads\/2020\/04\/DSC_6129-HDR-1-1024x683.jpg 1024w, https:\/\/www.gites.lamondette.fr\/wp-content\/uploads\/2020\/04\/DSC_6129-HDR-1-300x200.jpg 300w, https:\/\/www.gites.lamondette.fr\/wp-content\/uploads\/2020\/04\/DSC_6129-HDR-1-768x513.jpg 768w, https:\/\/www.gites.lamondette.fr\/wp-content\/uploads\/2020\/04\/DSC_6129-HDR-1-1536x1025.jpg 1536w, https:\/\/www.gites.lamondette.fr\/wp-content\/uploads\/2020\/04\/DSC_6129-HDR-1-2048x1367.jpg 2048w\" sizes=\"(max-width: 1024px) 100vw, 1024px\" \/><\/a><\/figure><\/li><li class=\"blocks-gallery-item\"><figure><a href=\"http:\/\/www.gites.lamondette.fr\/wp-content\/uploads\/2020\/04\/DSC_6132-HDR-1024x683.jpg\"><img loading=\"lazy\" width=\"1024\" height=\"683\" src=\"http:\/\/www.gites.lamondette.fr\/wp-content\/uploads\/2020\/04\/DSC_6132-HDR-1024x683.jpg\" alt=\"\" data-id=\"2886\" data-link=\"http:\/\/www.gites.lamondette.fr\/?attachment_id=2886#main\" class=\"wp-image-2886\" srcset=\"https:\/\/www.gites.lamondette.fr\/wp-content\/uploads\/2020\/04\/DSC_6132-HDR-1024x683.jpg 1024w, https:\/\/www.gites.lamondette.fr\/wp-content\/uploads\/2020\/04\/DSC_6132-HDR-300x200.jpg 300w, https:\/\/www.gites.lamondette.fr\/wp-content\/uploads\/2020\/04\/DSC_6132-HDR-768x513.jpg 768w, https:\/\/www.gites.lamondette.fr\/wp-content\/uploads\/2020\/04\/DSC_6132-HDR-1536x1025.jpg 1536w, https:\/\/www.gites.lamondette.fr\/wp-content\/uploads\/2020\/04\/DSC_6132-HDR-2048x1367.jpg 2048w\" sizes=\"(max-width: 1024px) 100vw, 1024px\" \/><\/a><\/figure><\/li><li class=\"blocks-gallery-item\"><figure><a href=\"http:\/\/www.gites.lamondette.fr\/wp-content\/uploads\/2020\/04\/DSC_6135-HDR-1024x683.jpg\"><img loading=\"lazy\" width=\"1024\" height=\"683\" src=\"http:\/\/www.gites.lamondette.fr\/wp-content\/uploads\/2020\/04\/DSC_6135-HDR-1024x683.jpg\" alt=\"\" data-id=\"2887\" data-link=\"http:\/\/www.gites.lamondette.fr\/?attachment_id=2887#main\" class=\"wp-image-2887\" srcset=\"https:\/\/www.gites.lamondette.fr\/wp-content\/uploads\/2020\/04\/DSC_6135-HDR-1024x683.jpg 1024w, https:\/\/www.gites.lamondette.fr\/wp-content\/uploads\/2020\/04\/DSC_6135-HDR-300x200.jpg 300w, https:\/\/www.gites.lamondette.fr\/wp-content\/uploads\/2020\/04\/DSC_6135-HDR-768x513.jpg 768w, https:\/\/www.gites.lamondette.fr\/wp-content\/uploads\/2020\/04\/DSC_6135-HDR-1536x1025.jpg 1536w, https:\/\/www.gites.lamondette.fr\/wp-content\/uploads\/2020\/04\/DSC_6135-HDR-2048x1367.jpg 2048w\" sizes=\"(max-width: 1024px) 100vw, 1024px\" \/><\/a><\/figure><\/li><li class=\"blocks-gallery-item\"><figure><a href=\"http:\/\/www.gites.lamondette.fr\/wp-content\/uploads\/2020\/04\/DSC_6138-HDR-1024x683.jpg\"><img loading=\"lazy\" width=\"1024\" height=\"683\" src=\"http:\/\/www.gites.lamondette.fr\/wp-content\/uploads\/2020\/04\/DSC_6138-HDR-1024x683.jpg\" alt=\"\" data-id=\"2890\" data-link=\"http:\/\/www.gites.lamondette.fr\/?attachment_id=2890#main\" class=\"wp-image-2890\" srcset=\"https:\/\/www.gites.lamondette.fr\/wp-content\/uploads\/2020\/04\/DSC_6138-HDR-1024x683.jpg 1024w, https:\/\/www.gites.lamondette.fr\/wp-content\/uploads\/2020\/04\/DSC_6138-HDR-300x200.jpg 300w, https:\/\/www.gites.lamondette.fr\/wp-content\/uploads\/2020\/04\/DSC_6138-HDR-768x513.jpg 768w, https:\/\/www.gites.lamondette.fr\/wp-content\/uploads\/2020\/04\/DSC_6138-HDR-1536x1025.jpg 1536w, https:\/\/www.gites.lamondette.fr\/wp-content\/uploads\/2020\/04\/DSC_6138-HDR-2048x1367.jpg 2048w\" sizes=\"(max-width: 1024px) 100vw, 1024px\" \/><\/a><\/figure><\/li><li class=\"blocks-gallery-item\"><figure><a href=\"http:\/\/www.gites.lamondette.fr\/wp-content\/uploads\/2020\/04\/chambre_up_low-2-scaled.jpg\"><img loading=\"lazy\" width=\"1024\" height=\"683\" src=\"http:\/\/www.gites.lamondette.fr\/wp-content\/uploads\/2020\/04\/chambre_up_low-2-1024x683.jpg\" alt=\"\" data-id=\"2902\" data-full-url=\"http:\/\/www.gites.lamondette.fr\/wp-content\/uploads\/2020\/04\/chambre_up_low-2-scaled.jpg\" data-link=\"http:\/\/www.gites.lamondette.fr\/petit-gite\/chambre_up_low-2\/#main\" class=\"wp-image-2902\" srcset=\"https:\/\/www.gites.lamondette.fr\/wp-content\/uploads\/2020\/04\/chambre_up_low-2-1024x683.jpg 1024w, https:\/\/www.gites.lamondette.fr\/wp-content\/uploads\/2020\/04\/chambre_up_low-2-300x200.jpg 300w, https:\/\/www.gites.lamondette.fr\/wp-content\/uploads\/2020\/04\/chambre_up_low-2-768x512.jpg 768w, https:\/\/www.gites.lamondette.fr\/wp-content\/uploads\/2020\/04\/chambre_up_low-2-1536x1024.jpg 1536w, https:\/\/www.gites.lamondette.fr\/wp-content\/uploads\/2020\/04\/chambre_up_low-2-2048x1365.jpg 2048w\" sizes=\"(max-width: 1024px) 100vw, 1024px\" \/><\/a><\/figure><\/li><li class=\"blocks-gallery-item\"><figure><a href=\"http:\/\/www.gites.lamondette.fr\/wp-content\/uploads\/2020\/04\/DSC_5978-1024x683.jpg\"><img loading=\"lazy\" width=\"1024\" height=\"683\" src=\"http:\/\/www.gites.lamondette.fr\/wp-content\/uploads\/2020\/04\/DSC_5978-1024x683.jpg\" alt=\"\" data-id=\"2870\" data-link=\"http:\/\/www.gites.lamondette.fr\/grand-gite\/dsc_5978\/#main\" class=\"wp-image-2870\" srcset=\"https:\/\/www.gites.lamondette.fr\/wp-content\/uploads\/2020\/04\/DSC_5978-1024x683.jpg 1024w, https:\/\/www.gites.lamondette.fr\/wp-content\/uploads\/2020\/04\/DSC_5978-300x200.jpg 300w, https:\/\/www.gites.lamondette.fr\/wp-content\/uploads\/2020\/04\/DSC_5978-768x513.jpg 768w, https:\/\/www.gites.lamondette.fr\/wp-content\/uploads\/2020\/04\/DSC_5978-1536x1025.jpg 1536w, https:\/\/www.gites.lamondette.fr\/wp-content\/uploads\/2020\/04\/DSC_5978-2048x1367.jpg 2048w\" sizes=\"(max-width: 1024px) 100vw, 1024px\" \/><\/a><\/figure><\/li><li class=\"blocks-gallery-item\"><figure><a href=\"http:\/\/www.gites.lamondette.fr\/wp-content\/uploads\/2020\/04\/terasse_low-scaled.jpg\"><img loading=\"lazy\" width=\"1024\" height=\"735\" src=\"http:\/\/www.gites.lamondette.fr\/wp-content\/uploads\/2020\/04\/terasse_low-1024x735.jpg\" alt=\"\" data-id=\"2904\" data-full-url=\"http:\/\/www.gites.lamondette.fr\/wp-content\/uploads\/2020\/04\/terasse_low-scaled.jpg\" data-link=\"http:\/\/www.gites.lamondette.fr\/petit-gite\/terasse_low\/#main\" class=\"wp-image-2904\" srcset=\"https:\/\/www.gites.lamondette.fr\/wp-content\/uploads\/2020\/04\/terasse_low-1024x735.jpg 1024w, https:\/\/www.gites.lamondette.fr\/wp-content\/uploads\/2020\/04\/terasse_low-300x215.jpg 300w, https:\/\/www.gites.lamondette.fr\/wp-content\/uploads\/2020\/04\/terasse_low-768x551.jpg 768w, https:\/\/www.gites.lamondette.fr\/wp-content\/uploads\/2020\/04\/terasse_low-1536x1102.jpg 1536w, https:\/\/www.gites.lamondette.fr\/wp-content\/uploads\/2020\/04\/terasse_low-2048x1470.jpg 2048w\" sizes=\"(max-width: 1024px) 100vw, 1024px\" \/><\/a><\/figure><\/li><\/ul><\/figure>\n\n\n\n<hr class=\"wp-block-separator\"\/>\n\n\n\n<h2 class=\"has-text-align-center\">Description<\/h2>\n\n\n\n<p class=\"has-text-align-center\">Stone building from the end of the 18th century, completely renovated in a quiet area surrounded by 6 hectares of vines (organic farming) and 9 hectares of meadows. This g\u00eete has 2 bedrooms and can accommodate up to 6 people.<\/p>\n\n\n\n<p class=\"has-text-align-center\"><strong><em>Gite of 90 m\u00b2 (6 people), access to swimming pool (4.20m x 11m), private pond<\/em><\/strong><br>2 shower rooms, 2 separate toilets<\/p>\n\n\n\n<p class=\"has-text-align-center\"><strong>Ground floor<\/strong> Living room with fully equipped kitchen (dishwasher, washing machine, microwave, etc.), bedroom with double bed, shower room, separate toilet, living room with DTT television<\/p>\n\n\n\n<p class=\"has-text-align-center\"><strong>first floor&nbsp;<\/strong>Room of 25 m\u00b2 with 1 bed of 140 and 2 beds of 90<\/p>\n\n\n\n<p class=\"has-text-align-center\">Capacity = number of persons accepted, including adults and children (from newborns)&nbsp;<\/p>\n\n\n\n<p class=\"has-text-align-center\">\n<svg width=\"20\" height=\"20\">\n\t<use xlink:href=\"#symbol-epis\">\n\t\t<symbol id=\"symbol-epis\" viewbox=\"0 0 20 19.8\">\n\t\t\t<path d=\"M10 0C4.5 0 0 4.4 0 9.9c0 5.3 4.2 9.5 9.4 9.9-.5-.1-2.1-.3-2.4-.7l-.2-.2c-.4-.4-.8-2.6-.8-2.6s2.2.4 2.7.9.9 2.5.9 2.6h.3V5.4c-.3-.5-1.1-1.7-1.1-2.2V3C8.8 2.4 10 .6 10 .6s1.3 1.8 1.3 2.4v.2c0 .5-.8 1.7-1.1 2.2v14.4h.3c0-.1.4-2.1.9-2.6s2.7-1 2.7-1-.4 2.2-.8 2.6l-.2.2c-.3.3-1.9.7-2.4.8 5.2-.3 9.3-4.6 9.3-9.9C20 4.4 15.5 0 10 0zM7 16.1l-.2-.2c-.4-.4-.8-2.6-.8-2.6s2.2.4 2.7.9.9 2.6.9 2.6-2.2-.3-2.6-.7zm0-3l-.2-.2c-.4-.4-.8-2.6-.8-2.6s2.2.4 2.7.9.9 2.6.9 2.6-2.2-.3-2.6-.7zm0-2.9l-.2-.2C6.4 9.6 6 7.4 6 7.4s2.2.4 2.7.9.9 2.6.9 2.6-2.2-.3-2.6-.7zm2.6-2.3S7.4 7.6 7 7.2L6.8 7C6.4 6.6 6 4.4 6 4.4s2.2.4 2.7.9.9 2.6.9 2.6zm3.7 7.9l-.2.2c-.4.4-2.6.8-2.6.8s.4-2.1.9-2.6 2.7-1 2.7-1-.4 2.2-.8 2.6zm0-3l-.2.2c-.4.4-2.6.8-2.6.8s.4-2.1.9-2.6 2.7-1 2.7-1-.4 2.2-.8 2.6zm0-2.9l-.2.2c-.4.4-2.6.8-2.6.8s.4-2.1.9-2.6 2.7-1 2.7-1-.4 2.2-.8 2.6zm0-3l-.2.2c-.4.4-2.6.8-2.6.8s.4-2.1.9-2.6 2.7-1 2.7-1-.4 2.2-.8 2.6z\"><\/path>\n\t\t<\/symbol>\n\t<\/use>\n<\/svg>\n<svg width=\"20\" height=\"20\">\n\t<use xlink:href=\"#symbol-epis\">\n\t\t<symbol id=\"symbol-epis\" viewbox=\"0 0 20 19.8\">\n\t\t\t<path d=\"M10 0C4.5 0 0 4.4 0 9.9c0 5.3 4.2 9.5 9.4 9.9-.5-.1-2.1-.3-2.4-.7l-.2-.2c-.4-.4-.8-2.6-.8-2.6s2.2.4 2.7.9.9 2.5.9 2.6h.3V5.4c-.3-.5-1.1-1.7-1.1-2.2V3C8.8 2.4 10 .6 10 .6s1.3 1.8 1.3 2.4v.2c0 .5-.8 1.7-1.1 2.2v14.4h.3c0-.1.4-2.1.9-2.6s2.7-1 2.7-1-.4 2.2-.8 2.6l-.2.2c-.3.3-1.9.7-2.4.8 5.2-.3 9.3-4.6 9.3-9.9C20 4.4 15.5 0 10 0zM7 16.1l-.2-.2c-.4-.4-.8-2.6-.8-2.6s2.2.4 2.7.9.9 2.6.9 2.6-2.2-.3-2.6-.7zm0-3l-.2-.2c-.4-.4-.8-2.6-.8-2.6s2.2.4 2.7.9.9 2.6.9 2.6-2.2-.3-2.6-.7zm0-2.9l-.2-.2C6.4 9.6 6 7.4 6 7.4s2.2.4 2.7.9.9 2.6.9 2.6-2.2-.3-2.6-.7zm2.6-2.3S7.4 7.6 7 7.2L6.8 7C6.4 6.6 6 4.4 6 4.4s2.2.4 2.7.9.9 2.6.9 2.6zm3.7 7.9l-.2.2c-.4.4-2.6.8-2.6.8s.4-2.1.9-2.6 2.7-1 2.7-1-.4 2.2-.8 2.6zm0-3l-.2.2c-.4.4-2.6.8-2.6.8s.4-2.1.9-2.6 2.7-1 2.7-1-.4 2.2-.8 2.6zm0-2.9l-.2.2c-.4.4-2.6.8-2.6.8s.4-2.1.9-2.6 2.7-1 2.7-1-.4 2.2-.8 2.6zm0-3l-.2.2c-.4.4-2.6.8-2.6.8s.4-2.1.9-2.6 2.7-1 2.7-1-.4 2.2-.8 2.6z\"><\/path>\n\t\t<\/symbol>\n\t<\/use>\n<\/svg>\n<svg width=\"20\" height=\"20\">\n\t<use xlink:href=\"#symbol-epis\">\n\t\t<symbol id=\"symbol-epis\" viewbox=\"0 0 20 19.8\">\n\t\t\t<path d=\"M10 0C4.5 0 0 4.4 0 9.9c0 5.3 4.2 9.5 9.4 9.9-.5-.1-2.1-.3-2.4-.7l-.2-.2c-.4-.4-.8-2.6-.8-2.6s2.2.4 2.7.9.9 2.5.9 2.6h.3V5.4c-.3-.5-1.1-1.7-1.1-2.2V3C8.8 2.4 10 .6 10 .6s1.3 1.8 1.3 2.4v.2c0 .5-.8 1.7-1.1 2.2v14.4h.3c0-.1.4-2.1.9-2.6s2.7-1 2.7-1-.4 2.2-.8 2.6l-.2.2c-.3.3-1.9.7-2.4.8 5.2-.3 9.3-4.6 9.3-9.9C20 4.4 15.5 0 10 0zM7 16.1l-.2-.2c-.4-.4-.8-2.6-.8-2.6s2.2.4 2.7.9.9 2.6.9 2.6-2.2-.3-2.6-.7zm0-3l-.2-.2c-.4-.4-.8-2.6-.8-2.6s2.2.4 2.7.9.9 2.6.9 2.6-2.2-.3-2.6-.7zm0-2.9l-.2-.2C6.4 9.6 6 7.4 6 7.4s2.2.4 2.7.9.9 2.6.9 2.6-2.2-.3-2.6-.7zm2.6-2.3S7.4 7.6 7 7.2L6.8 7C6.4 6.6 6 4.4 6 4.4s2.2.4 2.7.9.9 2.6.9 2.6zm3.7 7.9l-.2.2c-.4.4-2.6.8-2.6.8s.4-2.1.9-2.6 2.7-1 2.7-1-.4 2.2-.8 2.6zm0-3l-.2.2c-.4.4-2.6.8-2.6.8s.4-2.1.9-2.6 2.7-1 2.7-1-.4 2.2-.8 2.6zm0-2.9l-.2.2c-.4.4-2.6.8-2.6.8s.4-2.1.9-2.6 2.7-1 2.7-1-.4 2.2-.8 2.6zm0-3l-.2.2c-.4.4-2.6.8-2.6.8s.4-2.1.9-2.6 2.7-1 2.7-1-.4 2.2-.8 2.6z\"><\/path>\n\t\t<\/symbol>\n\t<\/use>\n<\/svg>\n<\/p>\n\n\n\n<hr class=\"wp-block-separator\"\/>\n\n\n\n<h2 class=\"has-text-align-center\">Prices<\/h2>\n\n\n\n<h5 class=\"has-text-align-center\">Weekly Stay<\/h5>\n\n\n\n<figure class=\"wp-block-table\"><table><tbody><tr><td><strong>Week Very High Season<\/strong><br>from the second week of July to the third week of August <br><\/td><td>1038<strong> <\/strong> \u20ac \/ week\u00a0\u00a0<\/td><\/tr><tr><td><strong>Week High Season<\/strong><br>First week of July<br>Last week of August<br>September<br>Christmas Holidays<br>Easter Holidays<\/td><td><strong>\u00a0<\/strong>834 \u20ac \/ semaine<\/td><\/tr><tr><td><strong>Week Mid Season<\/strong><br>April to July<br>All Saints' Day holidays<br><\/td><td>626 \u20ac \/ semaine\u00a0<\/td><\/tr><tr><td><strong>Week off Season&nbsp;&nbsp;<\/strong><br>Rest of the year<\/td><td>502 \u20ac \/ semaine<\/td><\/tr><\/tbody><\/table><\/figure>\n\n\n\n<h4 class=\"has-text-align-center\">Short stays<\/h4>\n\n\n\n<figure class=\"wp-block-table\"><table><tbody><tr><td><\/td><td><strong>2 nights stay&nbsp;<\/strong><\/td><td><strong>3 nights stay<\/strong><\/td><td><strong>4 nights stay<\/strong><\/td><\/tr><tr><td>Off season<\/td><td>263\u20ac<\/td><td>340\u20ac<\/td><td>393\u20ac<\/td><\/tr><tr><td>mid season<\/td><td>328\u20ac\u00a0<\/td><td>425\u20ac\u00a0<\/td><td>490\u20ac<\/td><\/tr><tr><td>High Season<\/td><td>437\u20ac<\/td><td>568\u20ac<\/td><td>654\u20ac<\/td><\/tr><\/tbody><\/table><\/figure>\n\n\n\n<h4 class=\"has-text-align-center\"><strong>Options<\/strong><\/h4>\n\n\n\n<figure class=\"wp-block-table\"><table><tbody><tr><td>End of stay cleaning package:<\/td><td>80\u20ac<\/td><\/tr><tr><td>Option bed sheets<\/td><td>12\u20ac \/ lit<\/td><\/tr><tr><td>Option bathroom towels<\/td><td>7\u20ac \/ personne<\/td><\/tr><tr><td>Taxe de s\u00e9jour:<\/td><td>2,09\u20ac \/ personne<\/td><\/tr><\/tbody><\/table><\/figure>\n\n\n\n<p class=\"has-text-align-center\"><strong>Booking deposit : 25% of the total amount<\/strong><br><strong>Deposit: \u20ac300<\/strong><\/p>\n\n\n\n<p class=\"has-text-align-center\">Rental week: from Saturday 4pm to the following Saturday 10am<br><br><em>For the comfort of all, our g\u00eete is non-smoking and we cannot accommodate pets<\/em><\/p>","protected":false},"excerpt":{"rendered":"<p>Description B\u00e2tisse en pierre de la fin du XVIII\u00e8me si\u00e8cle, enti\u00e8rement r\u00e9nov\u00e9 au calme entour\u00e9 de 6 hectares de vignes (en agriculture biologique) et 9 hectares de pr\u00e9s. Ce g\u00eete se compose de 2 chambres et peut accueillir jusqu&rsquo;\u00e0 6 personnes. G\u00eete de 90 m\u00b2 (6&nbsp;personnes ), acc\u00e8s piscine (4.20m x 11m), \u00e9tang priv\u00e92 salle-d\u2019eau, &#8230; <a title=\"Petit G\u00eete\" class=\"read-more\" href=\"https:\/\/www.gites.lamondette.fr\/en\/petit-gite\/\" aria-label=\"More on Petit G\u00eete\">Read more<\/a><\/p>","protected":false},"author":1,"featured_media":0,"parent":0,"menu_order":0,"comment_status":"closed","ping_status":"closed","template":"","meta":[],"_links":{"self":[{"href":"https:\/\/www.gites.lamondette.fr\/en\/wp-json\/wp\/v2\/pages\/2881"}],"collection":[{"href":"https:\/\/www.gites.lamondette.fr\/en\/wp-json\/wp\/v2\/pages"}],"about":[{"href":"https:\/\/www.gites.lamondette.fr\/en\/wp-json\/wp\/v2\/types\/page"}],"author":[{"embeddable":true,"href":"https:\/\/www.gites.lamondette.fr\/en\/wp-json\/wp\/v2\/users\/1"}],"replies":[{"embeddable":true,"href":"https:\/\/www.gites.lamondette.fr\/en\/wp-json\/wp\/v2\/comments?post=2881"}],"version-history":[{"count":13,"href":"https:\/\/www.gites.lamondette.fr\/en\/wp-json\/wp\/v2\/pages\/2881\/revisions"}],"predecessor-version":[{"id":3011,"href":"https:\/\/www.gites.lamondette.fr\/en\/wp-json\/wp\/v2\/pages\/2881\/revisions\/3011"}],"wp:attachment":[{"href":"https:\/\/www.gites.lamondette.fr\/en\/wp-json\/wp\/v2\/media?parent=2881"}],"curies":[{"name":"wp","href":"https:\/\/api.w.org\/{rel}","templated":true}]}}