{"id":1869,"date":"2017-11-05T19:28:26","date_gmt":"2017-11-05T19:28:26","guid":{"rendered":"https:\/\/gpstartersites.com\/wordsmith\/?page_id=10"},"modified":"2021-07-19T17:29:17","modified_gmt":"2021-07-19T17:29:17","slug":"home","status":"publish","type":"page","link":"https:\/\/www.gites.lamondette.fr\/en\/","title":{"rendered":"Home"},"content":{"rendered":"<h2 class=\"has-text-align-center\">La Mondette<\/h2>\n\n\n\n<p class=\"has-text-align-center\">In its green setting in the calm of the countryside, La Mondette offers you a peaceful stay in the C\u00f4tes de Castillon in the heart of its organic vineyards and meadows, fishing by its pond, rest and coolness around the pool. At the gateway to the Dordogne, 20 minutes from St Emilion and 50 minutes from Bordeaux, La Mondette invites you to explore the small roads of the Libournais region to discover the prestigious vineyards, or to escape to the land of Montaigne and its hilly landscapes; the P\u00e9rigord region and the great wines of Bordeaux will satisfy the most epicurean among you...<\/p>\n\n\n\n<p class=\"has-text-align-center\">You will stay in a stone building dating from the end of the 18th century, entirely renovated, with a terrace and private garden, as well as all the comfort to make the most of your holiday, while enjoying the taste of \"Ch\u00e2teau La Mondette\" from our AOC C\u00f4tes de Castillon wines. <br><br>On site, you can find a recreational area with a children's portico, sand games, picnic area, darts, boules pitch, table tennis and volleyball\/badminton net. In addition, there are many animals on the property: pony rides (conditions to be determined on site), goats and donkeys and bird watching.<\/p>\n\n\n\n<p class=\"has-text-align-center\">Two adjoining g\u00eetes to accommodate you (G\u00eete capacity = number of people accepted, including adults and children). It is possible to connect them by an interior lock normally closed.<\/p>\n\n\n\n<p class=\"has-text-align-center\">\n<svg width=\"20\" height=\"20\">\n\t<use xlink:href=\"#symbol-epis\">\n\t\t<symbol id=\"symbol-epis\" viewbox=\"0 0 20 19.8\">\n\t\t\t<path d=\"M10 0C4.5 0 0 4.4 0 9.9c0 5.3 4.2 9.5 9.4 9.9-.5-.1-2.1-.3-2.4-.7l-.2-.2c-.4-.4-.8-2.6-.8-2.6s2.2.4 2.7.9.9 2.5.9 2.6h.3V5.4c-.3-.5-1.1-1.7-1.1-2.2V3C8.8 2.4 10 .6 10 .6s1.3 1.8 1.3 2.4v.2c0 .5-.8 1.7-1.1 2.2v14.4h.3c0-.1.4-2.1.9-2.6s2.7-1 2.7-1-.4 2.2-.8 2.6l-.2.2c-.3.3-1.9.7-2.4.8 5.2-.3 9.3-4.6 9.3-9.9C20 4.4 15.5 0 10 0zM7 16.1l-.2-.2c-.4-.4-.8-2.6-.8-2.6s2.2.4 2.7.9.9 2.6.9 2.6-2.2-.3-2.6-.7zm0-3l-.2-.2c-.4-.4-.8-2.6-.8-2.6s2.2.4 2.7.9.9 2.6.9 2.6-2.2-.3-2.6-.7zm0-2.9l-.2-.2C6.4 9.6 6 7.4 6 7.4s2.2.4 2.7.9.9 2.6.9 2.6-2.2-.3-2.6-.7zm2.6-2.3S7.4 7.6 7 7.2L6.8 7C6.4 6.6 6 4.4 6 4.4s2.2.4 2.7.9.9 2.6.9 2.6zm3.7 7.9l-.2.2c-.4.4-2.6.8-2.6.8s.4-2.1.9-2.6 2.7-1 2.7-1-.4 2.2-.8 2.6zm0-3l-.2.2c-.4.4-2.6.8-2.6.8s.4-2.1.9-2.6 2.7-1 2.7-1-.4 2.2-.8 2.6zm0-2.9l-.2.2c-.4.4-2.6.8-2.6.8s.4-2.1.9-2.6 2.7-1 2.7-1-.4 2.2-.8 2.6zm0-3l-.2.2c-.4.4-2.6.8-2.6.8s.4-2.1.9-2.6 2.7-1 2.7-1-.4 2.2-.8 2.6z\"><\/path>\n\t\t<\/symbol>\n\t<\/use>\n<\/svg>\n<svg width=\"20\" height=\"20\">\n\t<use xlink:href=\"#symbol-epis\">\n\t\t<symbol id=\"symbol-epis\" viewbox=\"0 0 20 19.8\">\n\t\t\t<path d=\"M10 0C4.5 0 0 4.4 0 9.9c0 5.3 4.2 9.5 9.4 9.9-.5-.1-2.1-.3-2.4-.7l-.2-.2c-.4-.4-.8-2.6-.8-2.6s2.2.4 2.7.9.9 2.5.9 2.6h.3V5.4c-.3-.5-1.1-1.7-1.1-2.2V3C8.8 2.4 10 .6 10 .6s1.3 1.8 1.3 2.4v.2c0 .5-.8 1.7-1.1 2.2v14.4h.3c0-.1.4-2.1.9-2.6s2.7-1 2.7-1-.4 2.2-.8 2.6l-.2.2c-.3.3-1.9.7-2.4.8 5.2-.3 9.3-4.6 9.3-9.9C20 4.4 15.5 0 10 0zM7 16.1l-.2-.2c-.4-.4-.8-2.6-.8-2.6s2.2.4 2.7.9.9 2.6.9 2.6-2.2-.3-2.6-.7zm0-3l-.2-.2c-.4-.4-.8-2.6-.8-2.6s2.2.4 2.7.9.9 2.6.9 2.6-2.2-.3-2.6-.7zm0-2.9l-.2-.2C6.4 9.6 6 7.4 6 7.4s2.2.4 2.7.9.9 2.6.9 2.6-2.2-.3-2.6-.7zm2.6-2.3S7.4 7.6 7 7.2L6.8 7C6.4 6.6 6 4.4 6 4.4s2.2.4 2.7.9.9 2.6.9 2.6zm3.7 7.9l-.2.2c-.4.4-2.6.8-2.6.8s.4-2.1.9-2.6 2.7-1 2.7-1-.4 2.2-.8 2.6zm0-3l-.2.2c-.4.4-2.6.8-2.6.8s.4-2.1.9-2.6 2.7-1 2.7-1-.4 2.2-.8 2.6zm0-2.9l-.2.2c-.4.4-2.6.8-2.6.8s.4-2.1.9-2.6 2.7-1 2.7-1-.4 2.2-.8 2.6zm0-3l-.2.2c-.4.4-2.6.8-2.6.8s.4-2.1.9-2.6 2.7-1 2.7-1-.4 2.2-.8 2.6z\"><\/path>\n\t\t<\/symbol>\n\t<\/use>\n<\/svg>\n<svg width=\"20\" height=\"20\">\n\t<use xlink:href=\"#symbol-epis\">\n\t\t<symbol id=\"symbol-epis\" viewbox=\"0 0 20 19.8\">\n\t\t\t<path d=\"M10 0C4.5 0 0 4.4 0 9.9c0 5.3 4.2 9.5 9.4 9.9-.5-.1-2.1-.3-2.4-.7l-.2-.2c-.4-.4-.8-2.6-.8-2.6s2.2.4 2.7.9.9 2.5.9 2.6h.3V5.4c-.3-.5-1.1-1.7-1.1-2.2V3C8.8 2.4 10 .6 10 .6s1.3 1.8 1.3 2.4v.2c0 .5-.8 1.7-1.1 2.2v14.4h.3c0-.1.4-2.1.9-2.6s2.7-1 2.7-1-.4 2.2-.8 2.6l-.2.2c-.3.3-1.9.7-2.4.8 5.2-.3 9.3-4.6 9.3-9.9C20 4.4 15.5 0 10 0zM7 16.1l-.2-.2c-.4-.4-.8-2.6-.8-2.6s2.2.4 2.7.9.9 2.6.9 2.6-2.2-.3-2.6-.7zm0-3l-.2-.2c-.4-.4-.8-2.6-.8-2.6s2.2.4 2.7.9.9 2.6.9 2.6-2.2-.3-2.6-.7zm0-2.9l-.2-.2C6.4 9.6 6 7.4 6 7.4s2.2.4 2.7.9.9 2.6.9 2.6-2.2-.3-2.6-.7zm2.6-2.3S7.4 7.6 7 7.2L6.8 7C6.4 6.6 6 4.4 6 4.4s2.2.4 2.7.9.9 2.6.9 2.6zm3.7 7.9l-.2.2c-.4.4-2.6.8-2.6.8s.4-2.1.9-2.6 2.7-1 2.7-1-.4 2.2-.8 2.6zm0-3l-.2.2c-.4.4-2.6.8-2.6.8s.4-2.1.9-2.6 2.7-1 2.7-1-.4 2.2-.8 2.6zm0-2.9l-.2.2c-.4.4-2.6.8-2.6.8s.4-2.1.9-2.6 2.7-1 2.7-1-.4 2.2-.8 2.6zm0-3l-.2.2c-.4.4-2.6.8-2.6.8s.4-2.1.9-2.6 2.7-1 2.7-1-.4 2.2-.8 2.6z\"><\/path>\n\t\t<\/symbol>\n\t<\/use>\n<\/svg>\n<\/p>\n\n\n\n<p class=\"has-text-align-center\"><a href=\"https:\/\/www.gites-de-france.com\/fr\/nouvelle-aquitaine\/gironde\/petit-gite-de-la-mondette-33g4274\"><strong>PETIT G\u00ceTE<\/strong> : <strong>6 people capacity<\/strong>&nbsp;<\/a>&nbsp; <strong>(G\u00eete n\u00b0 4274)<\/strong><\/p>\n\n\n\n<p class=\"has-text-align-center\"><a href=\"https:\/\/www.gites-de-france.com\/en\/nouvelle-aquitaine\/gironde\/grand-gite-de-la-mondette-33g4282\"><strong>&nbsp;GRAND G\u00ceTE<\/strong> : <strong>9 people capacity<\/strong><\/a> <strong>(G\u00eete n\u00b0 4282)<\/strong><\/p>\n\n\n\n<p><\/p>\n\n\n\n<div style=\"height:20px\" aria-hidden=\"true\" class=\"wp-block-spacer\"><\/div>\n\n\n\n<div class=\"wp-block-columns has-2-columns\">\n<div class=\"wp-block-column\">\n<figure class=\"wp-block-image size-large\"><a href=\"https:\/\/www.gites.lamondette.fr\/en\/grand-gite\/\"><img loading=\"lazy\" width=\"1024\" height=\"683\" src=\"http:\/\/www.gites.lamondette.fr\/wp-content\/uploads\/2020\/04\/DSC_5995-1024x683.jpg\" alt=\"\" class=\"wp-image-2818\" srcset=\"https:\/\/www.gites.lamondette.fr\/wp-content\/uploads\/2020\/04\/DSC_5995-1024x683.jpg 1024w, https:\/\/www.gites.lamondette.fr\/wp-content\/uploads\/2020\/04\/DSC_5995-300x200.jpg 300w, https:\/\/www.gites.lamondette.fr\/wp-content\/uploads\/2020\/04\/DSC_5995-768x513.jpg 768w, https:\/\/www.gites.lamondette.fr\/wp-content\/uploads\/2020\/04\/DSC_5995-1536x1025.jpg 1536w, https:\/\/www.gites.lamondette.fr\/wp-content\/uploads\/2020\/04\/DSC_5995-2048x1367.jpg 2048w\" sizes=\"(max-width: 1024px) 100vw, 1024px\" \/><\/a><figcaption>Grand G\u00eete<\/figcaption><\/figure>\n\n\n\n<p><\/p>\n<\/div>\n\n\n\n<div class=\"wp-block-column\">\n<figure class=\"wp-block-image size-large\"><a href=\"https:\/\/www.gites.lamondette.fr\/en\/petit-gite\/\"><img loading=\"lazy\" width=\"1024\" height=\"683\" src=\"http:\/\/www.gites.lamondette.fr\/wp-content\/uploads\/2020\/04\/DSC_6129-HDR-1024x683.jpg\" alt=\"\" class=\"wp-image-2820\" srcset=\"https:\/\/www.gites.lamondette.fr\/wp-content\/uploads\/2020\/04\/DSC_6129-HDR-1024x683.jpg 1024w, https:\/\/www.gites.lamondette.fr\/wp-content\/uploads\/2020\/04\/DSC_6129-HDR-300x200.jpg 300w, https:\/\/www.gites.lamondette.fr\/wp-content\/uploads\/2020\/04\/DSC_6129-HDR-768x513.jpg 768w, https:\/\/www.gites.lamondette.fr\/wp-content\/uploads\/2020\/04\/DSC_6129-HDR-1536x1025.jpg 1536w, https:\/\/www.gites.lamondette.fr\/wp-content\/uploads\/2020\/04\/DSC_6129-HDR-2048x1367.jpg 2048w\" sizes=\"(max-width: 1024px) 100vw, 1024px\" \/><\/a><figcaption>Petit G\u00eete<\/figcaption><\/figure>\n\n\n\n<p><\/p>\n<\/div>\n<\/div>\n\n\n\n<hr class=\"wp-block-separator\"\/>\n\n\n\n<p><\/p>\n\n\n\n<figure class=\"wp-block-gallery columns-3 is-cropped\"><ul class=\"blocks-gallery-grid\"><li class=\"blocks-gallery-item\"><figure><a href=\"http:\/\/www.gites.lamondette.fr\/wp-content\/uploads\/2020\/04\/DJI_0026-1-scaled.jpg\"><img loading=\"lazy\" width=\"1024\" height=\"767\" src=\"http:\/\/www.gites.lamondette.fr\/wp-content\/uploads\/2020\/04\/DJI_0026-1-1024x767.jpg\" alt=\"\" data-id=\"2932\" data-full-url=\"http:\/\/www.gites.lamondette.fr\/wp-content\/uploads\/2020\/04\/DJI_0026-1-scaled.jpg\" data-link=\"http:\/\/www.gites.lamondette.fr\/home\/dji_0026-1\/#main\" class=\"wp-image-2932\" srcset=\"https:\/\/www.gites.lamondette.fr\/wp-content\/uploads\/2020\/04\/DJI_0026-1-1024x767.jpg 1024w, https:\/\/www.gites.lamondette.fr\/wp-content\/uploads\/2020\/04\/DJI_0026-1-300x225.jpg 300w, https:\/\/www.gites.lamondette.fr\/wp-content\/uploads\/2020\/04\/DJI_0026-1-768x576.jpg 768w, https:\/\/www.gites.lamondette.fr\/wp-content\/uploads\/2020\/04\/DJI_0026-1-1536x1151.jpg 1536w, https:\/\/www.gites.lamondette.fr\/wp-content\/uploads\/2020\/04\/DJI_0026-1-2048x1535.jpg 2048w\" sizes=\"(max-width: 1024px) 100vw, 1024px\" \/><\/a><\/figure><\/li><li class=\"blocks-gallery-item\"><figure><a href=\"http:\/\/www.gites.lamondette.fr\/wp-content\/uploads\/2020\/04\/DJI_0150-1-scaled.jpg\"><img loading=\"lazy\" width=\"1024\" height=\"767\" src=\"http:\/\/www.gites.lamondette.fr\/wp-content\/uploads\/2020\/04\/DJI_0150-1-1024x767.jpg\" alt=\"\" data-id=\"2933\" data-full-url=\"http:\/\/www.gites.lamondette.fr\/wp-content\/uploads\/2020\/04\/DJI_0150-1-scaled.jpg\" data-link=\"http:\/\/www.gites.lamondette.fr\/home\/dji_0150-1\/#main\" class=\"wp-image-2933\" srcset=\"https:\/\/www.gites.lamondette.fr\/wp-content\/uploads\/2020\/04\/DJI_0150-1-1024x767.jpg 1024w, https:\/\/www.gites.lamondette.fr\/wp-content\/uploads\/2020\/04\/DJI_0150-1-300x225.jpg 300w, https:\/\/www.gites.lamondette.fr\/wp-content\/uploads\/2020\/04\/DJI_0150-1-768x576.jpg 768w, https:\/\/www.gites.lamondette.fr\/wp-content\/uploads\/2020\/04\/DJI_0150-1-1536x1151.jpg 1536w, https:\/\/www.gites.lamondette.fr\/wp-content\/uploads\/2020\/04\/DJI_0150-1-2048x1535.jpg 2048w\" sizes=\"(max-width: 1024px) 100vw, 1024px\" \/><\/a><\/figure><\/li><li class=\"blocks-gallery-item\"><figure><a href=\"http:\/\/www.gites.lamondette.fr\/wp-content\/uploads\/2020\/04\/DJI_0162-scaled.jpg\"><img loading=\"lazy\" width=\"1024\" height=\"767\" src=\"http:\/\/www.gites.lamondette.fr\/wp-content\/uploads\/2020\/04\/DJI_0162-1024x767.jpg\" alt=\"\" data-id=\"2935\" data-full-url=\"http:\/\/www.gites.lamondette.fr\/wp-content\/uploads\/2020\/04\/DJI_0162-scaled.jpg\" data-link=\"http:\/\/www.gites.lamondette.fr\/home\/dji_0162\/#main\" class=\"wp-image-2935\" srcset=\"https:\/\/www.gites.lamondette.fr\/wp-content\/uploads\/2020\/04\/DJI_0162-1024x767.jpg 1024w, https:\/\/www.gites.lamondette.fr\/wp-content\/uploads\/2020\/04\/DJI_0162-300x225.jpg 300w, https:\/\/www.gites.lamondette.fr\/wp-content\/uploads\/2020\/04\/DJI_0162-768x576.jpg 768w, https:\/\/www.gites.lamondette.fr\/wp-content\/uploads\/2020\/04\/DJI_0162-1536x1151.jpg 1536w, https:\/\/www.gites.lamondette.fr\/wp-content\/uploads\/2020\/04\/DJI_0162-2048x1535.jpg 2048w\" sizes=\"(max-width: 1024px) 100vw, 1024px\" \/><\/a><\/figure><\/li><li class=\"blocks-gallery-item\"><figure><a href=\"http:\/\/www.gites.lamondette.fr\/wp-content\/uploads\/2020\/04\/DJI_0172-scaled.jpg\"><img loading=\"lazy\" width=\"1024\" height=\"767\" src=\"http:\/\/www.gites.lamondette.fr\/wp-content\/uploads\/2020\/04\/DJI_0172-1024x767.jpg\" alt=\"\" data-id=\"2936\" data-full-url=\"http:\/\/www.gites.lamondette.fr\/wp-content\/uploads\/2020\/04\/DJI_0172-scaled.jpg\" data-link=\"http:\/\/www.gites.lamondette.fr\/home\/dji_0172\/#main\" class=\"wp-image-2936\" srcset=\"https:\/\/www.gites.lamondette.fr\/wp-content\/uploads\/2020\/04\/DJI_0172-1024x767.jpg 1024w, https:\/\/www.gites.lamondette.fr\/wp-content\/uploads\/2020\/04\/DJI_0172-300x225.jpg 300w, https:\/\/www.gites.lamondette.fr\/wp-content\/uploads\/2020\/04\/DJI_0172-768x576.jpg 768w, https:\/\/www.gites.lamondette.fr\/wp-content\/uploads\/2020\/04\/DJI_0172-1536x1151.jpg 1536w, https:\/\/www.gites.lamondette.fr\/wp-content\/uploads\/2020\/04\/DJI_0172-2048x1535.jpg 2048w\" sizes=\"(max-width: 1024px) 100vw, 1024px\" \/><\/a><\/figure><\/li><\/ul><\/figure>\n\n\n\n<p><\/p>","protected":false},"excerpt":{"rendered":"<p>La Mondette Dans son \u00e9crin de verdure au calme de la campagne,&nbsp;la Mondette vous propose un s\u00e9jour paisible en c\u00f4tes de Castillon au c\u0153ur de ses vignes bio et de ses prairies, des parties de p\u00eaches au bord de son \u00e9tang, du repos et de la fra\u00eecheur autour de la piscine. Aux portes de la &#8230; <a title=\"Home\" class=\"read-more\" href=\"https:\/\/www.gites.lamondette.fr\/en\/\" aria-label=\"More on Accueil\">Read more<\/a><\/p>","protected":false},"author":1,"featured_media":0,"parent":0,"menu_order":0,"comment_status":"closed","ping_status":"closed","template":"","meta":[],"_links":{"self":[{"href":"https:\/\/www.gites.lamondette.fr\/en\/wp-json\/wp\/v2\/pages\/1869"}],"collection":[{"href":"https:\/\/www.gites.lamondette.fr\/en\/wp-json\/wp\/v2\/pages"}],"about":[{"href":"https:\/\/www.gites.lamondette.fr\/en\/wp-json\/wp\/v2\/types\/page"}],"author":[{"embeddable":true,"href":"https:\/\/www.gites.lamondette.fr\/en\/wp-json\/wp\/v2\/users\/1"}],"replies":[{"embeddable":true,"href":"https:\/\/www.gites.lamondette.fr\/en\/wp-json\/wp\/v2\/comments?post=1869"}],"version-history":[{"count":24,"href":"https:\/\/www.gites.lamondette.fr\/en\/wp-json\/wp\/v2\/pages\/1869\/revisions"}],"predecessor-version":[{"id":2980,"href":"https:\/\/www.gites.lamondette.fr\/en\/wp-json\/wp\/v2\/pages\/1869\/revisions\/2980"}],"wp:attachment":[{"href":"https:\/\/www.gites.lamondette.fr\/en\/wp-json\/wp\/v2\/media?parent=1869"}],"curies":[{"name":"wp","href":"https:\/\/api.w.org\/{rel}","templated":true}]}}