{"id":11,"date":"2018-03-04T02:37:10","date_gmt":"2018-03-04T02:37:10","guid":{"rendered":"https:\/\/gpsites.co\/pixel\/?page_id=11"},"modified":"2025-02-25T16:58:57","modified_gmt":"2025-02-25T16:58:57","slug":"grand-gite","status":"publish","type":"page","link":"https:\/\/www.gites.lamondette.fr\/en\/grand-gite\/","title":{"rendered":"Grand G\u00eete"},"content":{"rendered":"<figure class=\"wp-block-gallery columns-3 is-cropped full-width-gallery\"><ul class=\"blocks-gallery-grid\"><li class=\"blocks-gallery-item\"><figure><a href=\"http:\/\/www.gites.lamondette.fr\/wp-content\/uploads\/2020\/04\/DSC_6070-HDR-1024x683.jpg\"><img loading=\"lazy\" width=\"1024\" height=\"683\" src=\"http:\/\/www.gites.lamondette.fr\/wp-content\/uploads\/2020\/04\/DSC_6070-HDR-1024x683.jpg\" alt=\"\" data-id=\"2826\" data-link=\"http:\/\/www.gites.lamondette.fr\/surfing\/dsc_6070-hdr\/#main\" class=\"wp-image-2826\" srcset=\"https:\/\/www.gites.lamondette.fr\/wp-content\/uploads\/2020\/04\/DSC_6070-HDR-1024x683.jpg 1024w, https:\/\/www.gites.lamondette.fr\/wp-content\/uploads\/2020\/04\/DSC_6070-HDR-300x200.jpg 300w, https:\/\/www.gites.lamondette.fr\/wp-content\/uploads\/2020\/04\/DSC_6070-HDR-768x513.jpg 768w, https:\/\/www.gites.lamondette.fr\/wp-content\/uploads\/2020\/04\/DSC_6070-HDR-1536x1025.jpg 1536w, https:\/\/www.gites.lamondette.fr\/wp-content\/uploads\/2020\/04\/DSC_6070-HDR-2048x1367.jpg 2048w\" sizes=\"(max-width: 1024px) 100vw, 1024px\" \/><\/a><\/figure><\/li><li class=\"blocks-gallery-item\"><figure><a href=\"http:\/\/www.gites.lamondette.fr\/wp-content\/uploads\/2020\/04\/DSC_6074-1024x683.jpg\"><img loading=\"lazy\" width=\"1024\" height=\"683\" src=\"http:\/\/www.gites.lamondette.fr\/wp-content\/uploads\/2020\/04\/DSC_6074-1024x683.jpg\" alt=\"\" data-id=\"2828\" data-link=\"http:\/\/www.gites.lamondette.fr\/surfing\/dsc_6074\/#main\" class=\"wp-image-2828\" srcset=\"https:\/\/www.gites.lamondette.fr\/wp-content\/uploads\/2020\/04\/DSC_6074-1024x683.jpg 1024w, https:\/\/www.gites.lamondette.fr\/wp-content\/uploads\/2020\/04\/DSC_6074-300x200.jpg 300w, https:\/\/www.gites.lamondette.fr\/wp-content\/uploads\/2020\/04\/DSC_6074-768x513.jpg 768w, https:\/\/www.gites.lamondette.fr\/wp-content\/uploads\/2020\/04\/DSC_6074-1536x1025.jpg 1536w, https:\/\/www.gites.lamondette.fr\/wp-content\/uploads\/2020\/04\/DSC_6074-2048x1367.jpg 2048w\" sizes=\"(max-width: 1024px) 100vw, 1024px\" \/><\/a><\/figure><\/li><li class=\"blocks-gallery-item\"><figure><a href=\"http:\/\/www.gites.lamondette.fr\/wp-content\/uploads\/2020\/04\/DSC_6081-HDR-1024x683.jpg\"><img loading=\"lazy\" width=\"1024\" height=\"683\" src=\"http:\/\/www.gites.lamondette.fr\/wp-content\/uploads\/2020\/04\/DSC_6081-HDR-1024x683.jpg\" alt=\"\" data-id=\"2829\" data-link=\"http:\/\/www.gites.lamondette.fr\/surfing\/dsc_6081-hdr\/#main\" class=\"wp-image-2829\" srcset=\"https:\/\/www.gites.lamondette.fr\/wp-content\/uploads\/2020\/04\/DSC_6081-HDR-1024x683.jpg 1024w, https:\/\/www.gites.lamondette.fr\/wp-content\/uploads\/2020\/04\/DSC_6081-HDR-300x200.jpg 300w, https:\/\/www.gites.lamondette.fr\/wp-content\/uploads\/2020\/04\/DSC_6081-HDR-768x513.jpg 768w, https:\/\/www.gites.lamondette.fr\/wp-content\/uploads\/2020\/04\/DSC_6081-HDR-1536x1025.jpg 1536w, https:\/\/www.gites.lamondette.fr\/wp-content\/uploads\/2020\/04\/DSC_6081-HDR-2048x1367.jpg 2048w\" sizes=\"(max-width: 1024px) 100vw, 1024px\" \/><\/a><\/figure><\/li><li class=\"blocks-gallery-item\"><figure><a href=\"http:\/\/www.gites.lamondette.fr\/wp-content\/uploads\/2020\/04\/DSC_6085-1024x683.jpg\"><img loading=\"lazy\" width=\"1024\" height=\"683\" src=\"http:\/\/www.gites.lamondette.fr\/wp-content\/uploads\/2020\/04\/DSC_6085-1024x683.jpg\" alt=\"\" data-id=\"2830\" data-link=\"http:\/\/www.gites.lamondette.fr\/surfing\/dsc_6085\/#main\" class=\"wp-image-2830\" srcset=\"https:\/\/www.gites.lamondette.fr\/wp-content\/uploads\/2020\/04\/DSC_6085-1024x683.jpg 1024w, https:\/\/www.gites.lamondette.fr\/wp-content\/uploads\/2020\/04\/DSC_6085-300x200.jpg 300w, https:\/\/www.gites.lamondette.fr\/wp-content\/uploads\/2020\/04\/DSC_6085-768x513.jpg 768w, https:\/\/www.gites.lamondette.fr\/wp-content\/uploads\/2020\/04\/DSC_6085-1536x1025.jpg 1536w, https:\/\/www.gites.lamondette.fr\/wp-content\/uploads\/2020\/04\/DSC_6085-2048x1367.jpg 2048w\" sizes=\"(max-width: 1024px) 100vw, 1024px\" \/><\/a><\/figure><\/li><li class=\"blocks-gallery-item\"><figure><a href=\"http:\/\/www.gites.lamondette.fr\/wp-content\/uploads\/2020\/04\/La_mondette_chambres-15-of-22-1-1024x731.jpg\"><img loading=\"lazy\" width=\"1024\" height=\"731\" src=\"http:\/\/www.gites.lamondette.fr\/wp-content\/uploads\/2020\/04\/La_mondette_chambres-15-of-22-1-1024x731.jpg\" alt=\"\" data-id=\"2838\" data-link=\"http:\/\/www.gites.lamondette.fr\/surfing\/la_mondette_chambres-15-of-22-1\/#main\" class=\"wp-image-2838\" srcset=\"https:\/\/www.gites.lamondette.fr\/wp-content\/uploads\/2020\/04\/La_mondette_chambres-15-of-22-1-1024x731.jpg 1024w, https:\/\/www.gites.lamondette.fr\/wp-content\/uploads\/2020\/04\/La_mondette_chambres-15-of-22-1-300x214.jpg 300w, https:\/\/www.gites.lamondette.fr\/wp-content\/uploads\/2020\/04\/La_mondette_chambres-15-of-22-1-768x548.jpg 768w, https:\/\/www.gites.lamondette.fr\/wp-content\/uploads\/2020\/04\/La_mondette_chambres-15-of-22-1-1536x1096.jpg 1536w, https:\/\/www.gites.lamondette.fr\/wp-content\/uploads\/2020\/04\/La_mondette_chambres-15-of-22-1-2048x1461.jpg 2048w\" sizes=\"(max-width: 1024px) 100vw, 1024px\" \/><\/a><\/figure><\/li><li class=\"blocks-gallery-item\"><figure><a href=\"http:\/\/www.gites.lamondette.fr\/wp-content\/uploads\/2020\/04\/DSC_6075-HDR-1024x683.jpg\"><img loading=\"lazy\" width=\"1024\" height=\"683\" src=\"http:\/\/www.gites.lamondette.fr\/wp-content\/uploads\/2020\/04\/DSC_6075-HDR-1024x683.jpg\" alt=\"\" data-id=\"2846\" data-link=\"http:\/\/www.gites.lamondette.fr\/surfing\/dsc_6075-hdr\/#main\" class=\"wp-image-2846\" srcset=\"https:\/\/www.gites.lamondette.fr\/wp-content\/uploads\/2020\/04\/DSC_6075-HDR-1024x683.jpg 1024w, https:\/\/www.gites.lamondette.fr\/wp-content\/uploads\/2020\/04\/DSC_6075-HDR-300x200.jpg 300w, https:\/\/www.gites.lamondette.fr\/wp-content\/uploads\/2020\/04\/DSC_6075-HDR-768x513.jpg 768w, https:\/\/www.gites.lamondette.fr\/wp-content\/uploads\/2020\/04\/DSC_6075-HDR-1536x1025.jpg 1536w, https:\/\/www.gites.lamondette.fr\/wp-content\/uploads\/2020\/04\/DSC_6075-HDR-2048x1367.jpg 2048w\" sizes=\"(max-width: 1024px) 100vw, 1024px\" \/><\/a><\/figure><\/li><li class=\"blocks-gallery-item\"><figure><a href=\"http:\/\/www.gites.lamondette.fr\/wp-content\/uploads\/2020\/04\/DSC_6078-1024x683.jpg\"><img loading=\"lazy\" width=\"1024\" height=\"683\" src=\"http:\/\/www.gites.lamondette.fr\/wp-content\/uploads\/2020\/04\/DSC_6078-1024x683.jpg\" alt=\"\" data-id=\"2849\" data-link=\"http:\/\/www.gites.lamondette.fr\/surfing\/dsc_6078\/#main\" class=\"wp-image-2849\" srcset=\"https:\/\/www.gites.lamondette.fr\/wp-content\/uploads\/2020\/04\/DSC_6078-1024x683.jpg 1024w, https:\/\/www.gites.lamondette.fr\/wp-content\/uploads\/2020\/04\/DSC_6078-300x200.jpg 300w, https:\/\/www.gites.lamondette.fr\/wp-content\/uploads\/2020\/04\/DSC_6078-768x513.jpg 768w, https:\/\/www.gites.lamondette.fr\/wp-content\/uploads\/2020\/04\/DSC_6078-1536x1025.jpg 1536w, https:\/\/www.gites.lamondette.fr\/wp-content\/uploads\/2020\/04\/DSC_6078-2048x1367.jpg 2048w\" sizes=\"(max-width: 1024px) 100vw, 1024px\" \/><\/a><\/figure><\/li><li class=\"blocks-gallery-item\"><figure><a href=\"http:\/\/www.gites.lamondette.fr\/wp-content\/uploads\/2020\/04\/DSC_6081-HDR-1-1024x683.jpg\"><img loading=\"lazy\" width=\"1024\" height=\"683\" src=\"http:\/\/www.gites.lamondette.fr\/wp-content\/uploads\/2020\/04\/DSC_6081-HDR-1-1024x683.jpg\" alt=\"\" data-id=\"2851\" data-link=\"http:\/\/www.gites.lamondette.fr\/surfing\/dsc_6081-hdr-1\/#main\" class=\"wp-image-2851\" srcset=\"https:\/\/www.gites.lamondette.fr\/wp-content\/uploads\/2020\/04\/DSC_6081-HDR-1-1024x683.jpg 1024w, https:\/\/www.gites.lamondette.fr\/wp-content\/uploads\/2020\/04\/DSC_6081-HDR-1-300x200.jpg 300w, https:\/\/www.gites.lamondette.fr\/wp-content\/uploads\/2020\/04\/DSC_6081-HDR-1-768x513.jpg 768w, https:\/\/www.gites.lamondette.fr\/wp-content\/uploads\/2020\/04\/DSC_6081-HDR-1-1536x1025.jpg 1536w, https:\/\/www.gites.lamondette.fr\/wp-content\/uploads\/2020\/04\/DSC_6081-HDR-1-2048x1367.jpg 2048w\" sizes=\"(max-width: 1024px) 100vw, 1024px\" \/><\/a><\/figure><\/li><li class=\"blocks-gallery-item\"><figure><a href=\"http:\/\/www.gites.lamondette.fr\/wp-content\/uploads\/2020\/04\/DSC_6101-1-1024x683.jpg\"><img loading=\"lazy\" width=\"1024\" height=\"683\" src=\"http:\/\/www.gites.lamondette.fr\/wp-content\/uploads\/2020\/04\/DSC_6101-1-1024x683.jpg\" alt=\"\" data-id=\"2867\" data-link=\"http:\/\/www.gites.lamondette.fr\/grand-gite\/dsc_6101-1\/#main\" class=\"wp-image-2867\" srcset=\"https:\/\/www.gites.lamondette.fr\/wp-content\/uploads\/2020\/04\/DSC_6101-1-1024x683.jpg 1024w, https:\/\/www.gites.lamondette.fr\/wp-content\/uploads\/2020\/04\/DSC_6101-1-300x200.jpg 300w, https:\/\/www.gites.lamondette.fr\/wp-content\/uploads\/2020\/04\/DSC_6101-1-768x513.jpg 768w, https:\/\/www.gites.lamondette.fr\/wp-content\/uploads\/2020\/04\/DSC_6101-1-1536x1025.jpg 1536w, https:\/\/www.gites.lamondette.fr\/wp-content\/uploads\/2020\/04\/DSC_6101-1-2048x1367.jpg 2048w\" sizes=\"(max-width: 1024px) 100vw, 1024px\" \/><\/a><\/figure><\/li><li class=\"blocks-gallery-item\"><figure><a href=\"http:\/\/www.gites.lamondette.fr\/wp-content\/uploads\/2020\/04\/DSC_6088-2-1024x683.jpg\"><img loading=\"lazy\" width=\"1024\" height=\"683\" src=\"http:\/\/www.gites.lamondette.fr\/wp-content\/uploads\/2020\/04\/DSC_6088-2-1024x683.jpg\" alt=\"\" data-id=\"2872\" data-link=\"http:\/\/www.gites.lamondette.fr\/grand-gite\/dsc_6088-2\/#main\" class=\"wp-image-2872\" srcset=\"https:\/\/www.gites.lamondette.fr\/wp-content\/uploads\/2020\/04\/DSC_6088-2-1024x683.jpg 1024w, https:\/\/www.gites.lamondette.fr\/wp-content\/uploads\/2020\/04\/DSC_6088-2-300x200.jpg 300w, https:\/\/www.gites.lamondette.fr\/wp-content\/uploads\/2020\/04\/DSC_6088-2-768x513.jpg 768w, https:\/\/www.gites.lamondette.fr\/wp-content\/uploads\/2020\/04\/DSC_6088-2-1536x1025.jpg 1536w, https:\/\/www.gites.lamondette.fr\/wp-content\/uploads\/2020\/04\/DSC_6088-2-2048x1367.jpg 2048w\" sizes=\"(max-width: 1024px) 100vw, 1024px\" \/><\/a><\/figure><\/li><li class=\"blocks-gallery-item\"><figure><a href=\"http:\/\/www.gites.lamondette.fr\/wp-content\/uploads\/2020\/04\/DSC_6105-HDR-1-1024x683.jpg\"><img loading=\"lazy\" width=\"1024\" height=\"683\" src=\"http:\/\/www.gites.lamondette.fr\/wp-content\/uploads\/2020\/04\/DSC_6105-HDR-1-1024x683.jpg\" alt=\"\" data-id=\"2874\" data-link=\"http:\/\/www.gites.lamondette.fr\/grand-gite\/dsc_6105-hdr-1\/#main\" class=\"wp-image-2874\" srcset=\"https:\/\/www.gites.lamondette.fr\/wp-content\/uploads\/2020\/04\/DSC_6105-HDR-1-1024x683.jpg 1024w, https:\/\/www.gites.lamondette.fr\/wp-content\/uploads\/2020\/04\/DSC_6105-HDR-1-300x200.jpg 300w, https:\/\/www.gites.lamondette.fr\/wp-content\/uploads\/2020\/04\/DSC_6105-HDR-1-768x513.jpg 768w, https:\/\/www.gites.lamondette.fr\/wp-content\/uploads\/2020\/04\/DSC_6105-HDR-1-1536x1025.jpg 1536w, https:\/\/www.gites.lamondette.fr\/wp-content\/uploads\/2020\/04\/DSC_6105-HDR-1-2048x1367.jpg 2048w\" sizes=\"(max-width: 1024px) 100vw, 1024px\" \/><\/a><\/figure><\/li><li class=\"blocks-gallery-item\"><figure><a href=\"http:\/\/www.gites.lamondette.fr\/wp-content\/uploads\/2020\/04\/La_mondette_chambres-8-of-22-1-scaled.jpg\"><img loading=\"lazy\" width=\"1024\" height=\"606\" src=\"http:\/\/www.gites.lamondette.fr\/wp-content\/uploads\/2020\/04\/La_mondette_chambres-8-of-22-1-1024x606.jpg\" alt=\"\" data-id=\"2875\" data-full-url=\"http:\/\/www.gites.lamondette.fr\/wp-content\/uploads\/2020\/04\/La_mondette_chambres-8-of-22-1-scaled.jpg\" data-link=\"http:\/\/www.gites.lamondette.fr\/grand-gite\/la_mondette_chambres-8-of-22-1\/#main\" class=\"wp-image-2875\" srcset=\"https:\/\/www.gites.lamondette.fr\/wp-content\/uploads\/2020\/04\/La_mondette_chambres-8-of-22-1-1024x606.jpg 1024w, https:\/\/www.gites.lamondette.fr\/wp-content\/uploads\/2020\/04\/La_mondette_chambres-8-of-22-1-300x178.jpg 300w, https:\/\/www.gites.lamondette.fr\/wp-content\/uploads\/2020\/04\/La_mondette_chambres-8-of-22-1-768x455.jpg 768w, https:\/\/www.gites.lamondette.fr\/wp-content\/uploads\/2020\/04\/La_mondette_chambres-8-of-22-1-1536x909.jpg 1536w, https:\/\/www.gites.lamondette.fr\/wp-content\/uploads\/2020\/04\/La_mondette_chambres-8-of-22-1-2048x1212.jpg 2048w\" sizes=\"(max-width: 1024px) 100vw, 1024px\" \/><\/a><\/figure><\/li><li class=\"blocks-gallery-item\"><figure><a href=\"http:\/\/www.gites.lamondette.fr\/wp-content\/uploads\/2020\/04\/DSC_5978-1024x683.jpg\"><img loading=\"lazy\" width=\"1024\" height=\"683\" src=\"http:\/\/www.gites.lamondette.fr\/wp-content\/uploads\/2020\/04\/DSC_5978-1024x683.jpg\" alt=\"\" data-id=\"2870\" data-link=\"http:\/\/www.gites.lamondette.fr\/grand-gite\/dsc_5978\/#main\" class=\"wp-image-2870\" srcset=\"https:\/\/www.gites.lamondette.fr\/wp-content\/uploads\/2020\/04\/DSC_5978-1024x683.jpg 1024w, https:\/\/www.gites.lamondette.fr\/wp-content\/uploads\/2020\/04\/DSC_5978-300x200.jpg 300w, https:\/\/www.gites.lamondette.fr\/wp-content\/uploads\/2020\/04\/DSC_5978-768x513.jpg 768w, https:\/\/www.gites.lamondette.fr\/wp-content\/uploads\/2020\/04\/DSC_5978-1536x1025.jpg 1536w, https:\/\/www.gites.lamondette.fr\/wp-content\/uploads\/2020\/04\/DSC_5978-2048x1367.jpg 2048w\" sizes=\"(max-width: 1024px) 100vw, 1024px\" \/><\/a><\/figure><\/li><\/ul><\/figure>\n\n\n\n<hr class=\"wp-block-separator\"\/>\n\n\n\n<h2 class=\"has-text-align-center\">Description<\/h2>\n\n\n\n<p class=\"has-text-align-center\">Stone building from the end of the 18th century, completely renovated in the middle of 15 hectares of meadows and vineyards in organic farming, with a secure swimming pool and a large play area &amp; barbecue. This g\u00eete has 4 bedrooms and can accommodate up to 9 people.&nbsp;<\/p>\n\n\n\n<p class=\"has-text-align-center\"><strong>Capacity 9 persons, surface 150m\u00b2, access to swimming pool (4.20m x 11m), private pond<\/strong><br>2 shower rooms, 2 separate toilets<\/p>\n\n\n\n<p class=\"has-text-align-center\"><strong>Ground floor<\/strong> Entrance hall, living room with fully equipped kitchen (dishwasher, washing machine, microwave, ...), lounge (TV) on terrace and enclosed garden, bedroom 1 (bed 140) with private bathroom, individual WC, garden in front.<\/p>\n\n\n\n<p class=\"has-text-align-center\"><strong>first floor&nbsp;<\/strong>two bedrooms (bed 140), 2 bathrooms, 2 individual toilets, one double bedroom (two beds 90)<br>NB: baby cot and high chair available on request<\/p>\n\n\n\n<p class=\"has-text-align-center\">Capacity = number of persons accepted, including adults and children (from newborns)&nbsp;<\/p>\n\n\n\n<p class=\"has-text-align-center\">\n<svg width=\"20\" height=\"20\">\n\t<use xlink:href=\"#symbol-epis\">\n\t\t<symbol id=\"symbol-epis\" viewbox=\"0 0 20 19.8\">\n\t\t\t<path d=\"M10 0C4.5 0 0 4.4 0 9.9c0 5.3 4.2 9.5 9.4 9.9-.5-.1-2.1-.3-2.4-.7l-.2-.2c-.4-.4-.8-2.6-.8-2.6s2.2.4 2.7.9.9 2.5.9 2.6h.3V5.4c-.3-.5-1.1-1.7-1.1-2.2V3C8.8 2.4 10 .6 10 .6s1.3 1.8 1.3 2.4v.2c0 .5-.8 1.7-1.1 2.2v14.4h.3c0-.1.4-2.1.9-2.6s2.7-1 2.7-1-.4 2.2-.8 2.6l-.2.2c-.3.3-1.9.7-2.4.8 5.2-.3 9.3-4.6 9.3-9.9C20 4.4 15.5 0 10 0zM7 16.1l-.2-.2c-.4-.4-.8-2.6-.8-2.6s2.2.4 2.7.9.9 2.6.9 2.6-2.2-.3-2.6-.7zm0-3l-.2-.2c-.4-.4-.8-2.6-.8-2.6s2.2.4 2.7.9.9 2.6.9 2.6-2.2-.3-2.6-.7zm0-2.9l-.2-.2C6.4 9.6 6 7.4 6 7.4s2.2.4 2.7.9.9 2.6.9 2.6-2.2-.3-2.6-.7zm2.6-2.3S7.4 7.6 7 7.2L6.8 7C6.4 6.6 6 4.4 6 4.4s2.2.4 2.7.9.9 2.6.9 2.6zm3.7 7.9l-.2.2c-.4.4-2.6.8-2.6.8s.4-2.1.9-2.6 2.7-1 2.7-1-.4 2.2-.8 2.6zm0-3l-.2.2c-.4.4-2.6.8-2.6.8s.4-2.1.9-2.6 2.7-1 2.7-1-.4 2.2-.8 2.6zm0-2.9l-.2.2c-.4.4-2.6.8-2.6.8s.4-2.1.9-2.6 2.7-1 2.7-1-.4 2.2-.8 2.6zm0-3l-.2.2c-.4.4-2.6.8-2.6.8s.4-2.1.9-2.6 2.7-1 2.7-1-.4 2.2-.8 2.6z\"><\/path>\n\t\t<\/symbol>\n\t<\/use>\n<\/svg>\n<svg width=\"20\" height=\"20\">\n\t<use xlink:href=\"#symbol-epis\">\n\t\t<symbol id=\"symbol-epis\" viewbox=\"0 0 20 19.8\">\n\t\t\t<path d=\"M10 0C4.5 0 0 4.4 0 9.9c0 5.3 4.2 9.5 9.4 9.9-.5-.1-2.1-.3-2.4-.7l-.2-.2c-.4-.4-.8-2.6-.8-2.6s2.2.4 2.7.9.9 2.5.9 2.6h.3V5.4c-.3-.5-1.1-1.7-1.1-2.2V3C8.8 2.4 10 .6 10 .6s1.3 1.8 1.3 2.4v.2c0 .5-.8 1.7-1.1 2.2v14.4h.3c0-.1.4-2.1.9-2.6s2.7-1 2.7-1-.4 2.2-.8 2.6l-.2.2c-.3.3-1.9.7-2.4.8 5.2-.3 9.3-4.6 9.3-9.9C20 4.4 15.5 0 10 0zM7 16.1l-.2-.2c-.4-.4-.8-2.6-.8-2.6s2.2.4 2.7.9.9 2.6.9 2.6-2.2-.3-2.6-.7zm0-3l-.2-.2c-.4-.4-.8-2.6-.8-2.6s2.2.4 2.7.9.9 2.6.9 2.6-2.2-.3-2.6-.7zm0-2.9l-.2-.2C6.4 9.6 6 7.4 6 7.4s2.2.4 2.7.9.9 2.6.9 2.6-2.2-.3-2.6-.7zm2.6-2.3S7.4 7.6 7 7.2L6.8 7C6.4 6.6 6 4.4 6 4.4s2.2.4 2.7.9.9 2.6.9 2.6zm3.7 7.9l-.2.2c-.4.4-2.6.8-2.6.8s.4-2.1.9-2.6 2.7-1 2.7-1-.4 2.2-.8 2.6zm0-3l-.2.2c-.4.4-2.6.8-2.6.8s.4-2.1.9-2.6 2.7-1 2.7-1-.4 2.2-.8 2.6zm0-2.9l-.2.2c-.4.4-2.6.8-2.6.8s.4-2.1.9-2.6 2.7-1 2.7-1-.4 2.2-.8 2.6zm0-3l-.2.2c-.4.4-2.6.8-2.6.8s.4-2.1.9-2.6 2.7-1 2.7-1-.4 2.2-.8 2.6z\"><\/path>\n\t\t<\/symbol>\n\t<\/use>\n<\/svg>\n<svg width=\"20\" height=\"20\">\n\t<use xlink:href=\"#symbol-epis\">\n\t\t<symbol id=\"symbol-epis\" viewbox=\"0 0 20 19.8\">\n\t\t\t<path d=\"M10 0C4.5 0 0 4.4 0 9.9c0 5.3 4.2 9.5 9.4 9.9-.5-.1-2.1-.3-2.4-.7l-.2-.2c-.4-.4-.8-2.6-.8-2.6s2.2.4 2.7.9.9 2.5.9 2.6h.3V5.4c-.3-.5-1.1-1.7-1.1-2.2V3C8.8 2.4 10 .6 10 .6s1.3 1.8 1.3 2.4v.2c0 .5-.8 1.7-1.1 2.2v14.4h.3c0-.1.4-2.1.9-2.6s2.7-1 2.7-1-.4 2.2-.8 2.6l-.2.2c-.3.3-1.9.7-2.4.8 5.2-.3 9.3-4.6 9.3-9.9C20 4.4 15.5 0 10 0zM7 16.1l-.2-.2c-.4-.4-.8-2.6-.8-2.6s2.2.4 2.7.9.9 2.6.9 2.6-2.2-.3-2.6-.7zm0-3l-.2-.2c-.4-.4-.8-2.6-.8-2.6s2.2.4 2.7.9.9 2.6.9 2.6-2.2-.3-2.6-.7zm0-2.9l-.2-.2C6.4 9.6 6 7.4 6 7.4s2.2.4 2.7.9.9 2.6.9 2.6-2.2-.3-2.6-.7zm2.6-2.3S7.4 7.6 7 7.2L6.8 7C6.4 6.6 6 4.4 6 4.4s2.2.4 2.7.9.9 2.6.9 2.6zm3.7 7.9l-.2.2c-.4.4-2.6.8-2.6.8s.4-2.1.9-2.6 2.7-1 2.7-1-.4 2.2-.8 2.6zm0-3l-.2.2c-.4.4-2.6.8-2.6.8s.4-2.1.9-2.6 2.7-1 2.7-1-.4 2.2-.8 2.6zm0-2.9l-.2.2c-.4.4-2.6.8-2.6.8s.4-2.1.9-2.6 2.7-1 2.7-1-.4 2.2-.8 2.6zm0-3l-.2.2c-.4.4-2.6.8-2.6.8s.4-2.1.9-2.6 2.7-1 2.7-1-.4 2.2-.8 2.6z\"><\/path>\n\t\t<\/symbol>\n\t<\/use>\n<\/svg>\n<\/p>\n\n\n\n<hr class=\"wp-block-separator\"\/>\n\n\n\n<h2 class=\"has-text-align-center\">Prices<\/h2>\n\n\n\n<h5 class=\"has-text-align-center\">Weekly Stay<\/h5>\n\n\n\n<figure class=\"wp-block-table\"><table><tbody><tr><td><strong>Week Very High Season<\/strong><br>from the second week of July to the third week of August <br><\/td><td>1650 \u20ac \/ semaine&nbsp;&nbsp;<\/td><\/tr><tr><td><strong>Week High Season<\/strong><br>First week of July<br>Last week of August<br>September<br>Christmas Holidays<br>Easter Holidays<\/td><td>1308 \u20ac \/ semaine<\/td><\/tr><tr><td><strong>Week Mid Season<\/strong><br>April to July<br>All Saints' Day holidays<\/td><td>870 \u20ac \/ semaine&nbsp;<\/td><\/tr><tr><td><strong>Week off Season&nbsp;&nbsp;<\/strong><\/td><td>742 \u20ac \/ semaine<\/td><\/tr><\/tbody><\/table><\/figure>\n\n\n\n<h4 class=\"has-text-align-center\">Short stays<\/h4>\n\n\n\n<figure class=\"wp-block-table\"><table><tbody><tr><td><\/td><td><strong>2 nights stay&nbsp;<\/strong><\/td><td><strong>3 nights stay<\/strong><\/td><td><strong>4 nights stay<\/strong><\/td><\/tr><tr><td>Off season<\/td><td>388\u20ac<\/td><td>504\u20ac<\/td><td>582\u20ac<\/td><\/tr><tr><td>mid season<\/td><td>456\u20ac&nbsp;<\/td><td>592\u20ac&nbsp;<\/td><td>682\u20ac<\/td><\/tr><tr><td>high season<\/td><td>686\u20ac<\/td><td>892\u20ac<\/td><td>1029\u20ac<\/td><\/tr><\/tbody><\/table><\/figure>\n\n\n\n<h4 class=\"has-text-align-center\"><strong>Options<\/strong><\/h4>\n\n\n\n<figure class=\"wp-block-table\"><table><tbody><tr><td>Forfait m\u00e9nage fin s\u00e9jour<\/td><td>120\u20ac<\/td><\/tr><tr><td>Option bed sheets<\/td><td>12\u20ac \/ lit<\/td><\/tr><tr><td>Option bathroom towels<\/td><td>7\u20ac \/ personne<\/td><\/tr><tr><td>Taxe S\u00e9jour<\/td><td>2,09\u20ac \/personne<\/td><\/tr><\/tbody><\/table><\/figure>\n\n\n\n<p><\/p>\n\n\n\n<p class=\"has-text-align-center\"><strong>Booking deposit : 25% of the total amount<\/strong><br><strong>Deposit: \u20ac500<\/strong><\/p>\n\n\n\n<p class=\"has-text-align-center\">Rental week: from Saturday 4pm to the following Saturday 10am<br><br><em>For the comfort of all, our g\u00eete is non-smoking and we cannot accommodate pets<\/em><\/p>","protected":false},"excerpt":{"rendered":"<p>Description B\u00e2tisse en pierre de la fin du XVIII\u00e8me si\u00e8cle, enti\u00e8rement r\u00e9nov\u00e9e au milieu de 15 ha de pr\u00e9s et de vignes en agriculture biologique, avec piscine s\u00e9curis\u00e9e et grand espace de jeux &amp; barbecue. Ce g\u00eete se compose de 4 chambres et peut accueillir jusqu&rsquo;\u00e0 9 personnes.&nbsp; Capacit\u00e9&nbsp;9 personnes, surface 150m\u00b2, acc\u00e8s piscine (4.20m &#8230; <a title=\"Grand G\u00eete\" class=\"read-more\" href=\"https:\/\/www.gites.lamondette.fr\/en\/grand-gite\/\" aria-label=\"More on Grand G\u00eete\">Read more<\/a><\/p>","protected":false},"author":1,"featured_media":0,"parent":0,"menu_order":0,"comment_status":"closed","ping_status":"closed","template":"","meta":[],"_links":{"self":[{"href":"https:\/\/www.gites.lamondette.fr\/en\/wp-json\/wp\/v2\/pages\/11"}],"collection":[{"href":"https:\/\/www.gites.lamondette.fr\/en\/wp-json\/wp\/v2\/pages"}],"about":[{"href":"https:\/\/www.gites.lamondette.fr\/en\/wp-json\/wp\/v2\/types\/page"}],"author":[{"embeddable":true,"href":"https:\/\/www.gites.lamondette.fr\/en\/wp-json\/wp\/v2\/users\/1"}],"replies":[{"embeddable":true,"href":"https:\/\/www.gites.lamondette.fr\/en\/wp-json\/wp\/v2\/comments?post=11"}],"version-history":[{"count":37,"href":"https:\/\/www.gites.lamondette.fr\/en\/wp-json\/wp\/v2\/pages\/11\/revisions"}],"predecessor-version":[{"id":3012,"href":"https:\/\/www.gites.lamondette.fr\/en\/wp-json\/wp\/v2\/pages\/11\/revisions\/3012"}],"wp:attachment":[{"href":"https:\/\/www.gites.lamondette.fr\/en\/wp-json\/wp\/v2\/media?parent=11"}],"curies":[{"name":"wp","href":"https:\/\/api.w.org\/{rel}","templated":true}]}}